{"id":151,"date":"2021-02-23T09:50:56","date_gmt":"2021-02-23T08:50:56","guid":{"rendered":"https:\/\/lomervarde.se\/gs\/?page_id=151"},"modified":"2021-09-03T14:27:57","modified_gmt":"2021-09-03T12:27:57","slug":"gs-kortet","status":"publish","type":"page","link":"https:\/\/lomervarde.se\/gs\/gs-kortet\/","title":{"rendered":"GS-kortet"},"content":{"rendered":"","protected":false},"excerpt":{"rendered":"","protected":false},"author":1,"featured_media":0,"parent":0,"menu_order":0,"comment_status":"closed","ping_status":"closed","template":"","meta":{"_acf_changed":false,"inline_featured_image":false,"footnotes":""},"class_list":["post-151","page","type-page","status-publish","hentry"],"acf":[],"yoast_head":"<!-- This site is optimized with the Yoast SEO plugin v27.5 - https:\/\/yoast.com\/product\/yoast-seo-wordpress\/ -->\n<title>GS-kortet - GS-facket<\/title>\n<meta name=\"robots\" content=\"index, follow, max-snippet:-1, max-image-preview:large, max-video-preview:-1\" \/>\n<link rel=\"canonical\" href=\"https:\/\/lomervarde.se\/gs\/gs-kortet\/\" \/>\n<meta property=\"og:locale\" content=\"sv_SE\" \/>\n<meta property=\"og:type\" content=\"article\" \/>\n<meta property=\"og:title\" content=\"GS-kortet - GS-facket\" \/>\n<meta property=\"og:url\" content=\"https:\/\/lomervarde.se\/gs\/gs-kortet\/\" \/>\n<meta property=\"og:site_name\" content=\"GS-facket\" \/>\n<meta property=\"article:modified_time\" content=\"2021-09-03T12:27:57+00:00\" \/>\n<meta name=\"twitter:card\" content=\"summary_large_image\" \/>\n<script type=\"application\/ld+json\" class=\"yoast-schema-graph\">{\"@context\":\"https:\\\/\\\/schema.org\",\"@graph\":[{\"@type\":\"WebPage\",\"@id\":\"https:\\\/\\\/lomervarde.se\\\/gs\\\/gs-kortet\\\/\",\"url\":\"https:\\\/\\\/lomervarde.se\\\/gs\\\/gs-kortet\\\/\",\"name\":\"GS-kortet - GS-facket\",\"isPartOf\":{\"@id\":\"https:\\\/\\\/lomervarde.se\\\/gs\\\/#website\"},\"datePublished\":\"2021-02-23T08:50:56+00:00\",\"dateModified\":\"2021-09-03T12:27:57+00:00\",\"inLanguage\":\"sv-SE\",\"potentialAction\":[{\"@type\":\"ReadAction\",\"target\":[\"https:\\\/\\\/lomervarde.se\\\/gs\\\/gs-kortet\\\/\"]}]},{\"@type\":\"WebSite\",\"@id\":\"https:\\\/\\\/lomervarde.se\\\/gs\\\/#website\",\"url\":\"https:\\\/\\\/lomervarde.se\\\/gs\\\/\",\"name\":\"GS-facket\",\"description\":\"LO Merv\u00e4rde - f\u00f6rm\u00e5ner och erbjudanden f\u00f6r oss tillsammans\",\"potentialAction\":[{\"@type\":\"SearchAction\",\"target\":{\"@type\":\"EntryPoint\",\"urlTemplate\":\"https:\\\/\\\/lomervarde.se\\\/gs\\\/?s={search_term_string}\"},\"query-input\":{\"@type\":\"PropertyValueSpecification\",\"valueRequired\":true,\"valueName\":\"search_term_string\"}}],\"inLanguage\":\"sv-SE\"}]}<\/script>\n<!-- \/ Yoast SEO plugin. -->","yoast_head_json":{"title":"GS-kortet - GS-facket","robots":{"index":"index","follow":"follow","max-snippet":"max-snippet:-1","max-image-preview":"max-image-preview:large","max-video-preview":"max-video-preview:-1"},"canonical":"https:\/\/lomervarde.se\/gs\/gs-kortet\/","og_locale":"sv_SE","og_type":"article","og_title":"GS-kortet - GS-facket","og_url":"https:\/\/lomervarde.se\/gs\/gs-kortet\/","og_site_name":"GS-facket","article_modified_time":"2021-09-03T12:27:57+00:00","twitter_card":"summary_large_image","schema":{"@context":"https:\/\/schema.org","@graph":[{"@type":"WebPage","@id":"https:\/\/lomervarde.se\/gs\/gs-kortet\/","url":"https:\/\/lomervarde.se\/gs\/gs-kortet\/","name":"GS-kortet - GS-facket","isPartOf":{"@id":"https:\/\/lomervarde.se\/gs\/#website"},"datePublished":"2021-02-23T08:50:56+00:00","dateModified":"2021-09-03T12:27:57+00:00","inLanguage":"sv-SE","potentialAction":[{"@type":"ReadAction","target":["https:\/\/lomervarde.se\/gs\/gs-kortet\/"]}]},{"@type":"WebSite","@id":"https:\/\/lomervarde.se\/gs\/#website","url":"https:\/\/lomervarde.se\/gs\/","name":"GS-facket","description":"LO Merv\u00e4rde - f\u00f6rm\u00e5ner och erbjudanden f\u00f6r oss tillsammans","potentialAction":[{"@type":"SearchAction","target":{"@type":"EntryPoint","urlTemplate":"https:\/\/lomervarde.se\/gs\/?s={search_term_string}"},"query-input":{"@type":"PropertyValueSpecification","valueRequired":true,"valueName":"search_term_string"}}],"inLanguage":"sv-SE"}]}},"publishpress_future_action":{"enabled":false,"date":"2026-05-08 07:20:40","action":"change-status","newStatus":"draft","terms":[],"taxonomy":"","extraData":[]},"publishpress_future_workflow_manual_trigger":{"enabledWorkflows":[]},"_links":{"self":[{"href":"https:\/\/lomervarde.se\/gs\/wp-json\/wp\/v2\/pages\/151","targetHints":{"allow":["GET"]}}],"collection":[{"href":"https:\/\/lomervarde.se\/gs\/wp-json\/wp\/v2\/pages"}],"about":[{"href":"https:\/\/lomervarde.se\/gs\/wp-json\/wp\/v2\/types\/page"}],"author":[{"embeddable":true,"href":"https:\/\/lomervarde.se\/gs\/wp-json\/wp\/v2\/users\/1"}],"replies":[{"embeddable":true,"href":"https:\/\/lomervarde.se\/gs\/wp-json\/wp\/v2\/comments?post=151"}],"version-history":[{"count":6,"href":"https:\/\/lomervarde.se\/gs\/wp-json\/wp\/v2\/pages\/151\/revisions"}],"predecessor-version":[{"id":664,"href":"https:\/\/lomervarde.se\/gs\/wp-json\/wp\/v2\/pages\/151\/revisions\/664"}],"wp:attachment":[{"href":"https:\/\/lomervarde.se\/gs\/wp-json\/wp\/v2\/media?parent=151"}],"curies":[{"name":"wp","href":"https:\/\/api.w.org\/{rel}","templated":true}]}}