{"id":1421,"date":"2024-03-14T19:32:58","date_gmt":"2024-03-14T18:32:58","guid":{"rendered":"https:\/\/lomervarde.se\/hrf\/varumarken\/"},"modified":"2024-03-14T19:33:30","modified_gmt":"2024-03-14T18:33:30","slug":"varumarken","status":"publish","type":"page","link":"https:\/\/lomervarde.se\/hrf\/varumarken\/","title":{"rendered":"Varum\u00e4rken"},"content":{"rendered":"","protected":false},"excerpt":{"rendered":"","protected":false},"author":1,"featured_media":0,"parent":0,"menu_order":0,"comment_status":"closed","ping_status":"closed","template":"page-varumarken.php","meta":{"_acf_changed":false,"inline_featured_image":false,"footnotes":""},"class_list":["post-1421","page","type-page","status-publish","hentry"],"acf":[],"yoast_head":"<!-- This site is optimized with the Yoast SEO plugin v27.3 - https:\/\/yoast.com\/product\/yoast-seo-wordpress\/ -->\n<title>Varum\u00e4rken - HRF<\/title>\n<meta name=\"robots\" content=\"index, follow, max-snippet:-1, max-image-preview:large, max-video-preview:-1\" \/>\n<link rel=\"canonical\" href=\"https:\/\/lomervarde.se\/hrf\/varumarken\/\" \/>\n<meta property=\"og:locale\" content=\"sv_SE\" \/>\n<meta property=\"og:type\" content=\"article\" \/>\n<meta property=\"og:title\" content=\"Varum\u00e4rken - HRF\" \/>\n<meta property=\"og:url\" content=\"https:\/\/lomervarde.se\/hrf\/varumarken\/\" \/>\n<meta property=\"og:site_name\" content=\"HRF\" \/>\n<meta property=\"article:modified_time\" content=\"2024-03-14T18:33:30+00:00\" \/>\n<meta name=\"twitter:card\" content=\"summary_large_image\" \/>\n<script type=\"application\/ld+json\" class=\"yoast-schema-graph\">{\"@context\":\"https:\\\/\\\/schema.org\",\"@graph\":[{\"@type\":\"WebPage\",\"@id\":\"https:\\\/\\\/lomervarde.se\\\/hrf\\\/varumarken\\\/\",\"url\":\"https:\\\/\\\/lomervarde.se\\\/hrf\\\/varumarken\\\/\",\"name\":\"Varum\u00e4rken - HRF\",\"isPartOf\":{\"@id\":\"https:\\\/\\\/lomervarde.se\\\/hrf\\\/#website\"},\"datePublished\":\"2024-03-14T18:32:58+00:00\",\"dateModified\":\"2024-03-14T18:33:30+00:00\",\"inLanguage\":\"sv-SE\",\"potentialAction\":[{\"@type\":\"ReadAction\",\"target\":[\"https:\\\/\\\/lomervarde.se\\\/hrf\\\/varumarken\\\/\"]}]},{\"@type\":\"WebSite\",\"@id\":\"https:\\\/\\\/lomervarde.se\\\/hrf\\\/#website\",\"url\":\"https:\\\/\\\/lomervarde.se\\\/hrf\\\/\",\"name\":\"HRF\",\"description\":\"LO Merv\u00e4rde - f\u00f6rm\u00e5ner och erbjudanden f\u00f6r oss tillsammans\",\"potentialAction\":[{\"@type\":\"SearchAction\",\"target\":{\"@type\":\"EntryPoint\",\"urlTemplate\":\"https:\\\/\\\/lomervarde.se\\\/hrf\\\/?s={search_term_string}\"},\"query-input\":{\"@type\":\"PropertyValueSpecification\",\"valueRequired\":true,\"valueName\":\"search_term_string\"}}],\"inLanguage\":\"sv-SE\"}]}<\/script>\n<!-- \/ Yoast SEO plugin. -->","yoast_head_json":{"title":"Varum\u00e4rken - HRF","robots":{"index":"index","follow":"follow","max-snippet":"max-snippet:-1","max-image-preview":"max-image-preview:large","max-video-preview":"max-video-preview:-1"},"canonical":"https:\/\/lomervarde.se\/hrf\/varumarken\/","og_locale":"sv_SE","og_type":"article","og_title":"Varum\u00e4rken - HRF","og_url":"https:\/\/lomervarde.se\/hrf\/varumarken\/","og_site_name":"HRF","article_modified_time":"2024-03-14T18:33:30+00:00","twitter_card":"summary_large_image","schema":{"@context":"https:\/\/schema.org","@graph":[{"@type":"WebPage","@id":"https:\/\/lomervarde.se\/hrf\/varumarken\/","url":"https:\/\/lomervarde.se\/hrf\/varumarken\/","name":"Varum\u00e4rken - HRF","isPartOf":{"@id":"https:\/\/lomervarde.se\/hrf\/#website"},"datePublished":"2024-03-14T18:32:58+00:00","dateModified":"2024-03-14T18:33:30+00:00","inLanguage":"sv-SE","potentialAction":[{"@type":"ReadAction","target":["https:\/\/lomervarde.se\/hrf\/varumarken\/"]}]},{"@type":"WebSite","@id":"https:\/\/lomervarde.se\/hrf\/#website","url":"https:\/\/lomervarde.se\/hrf\/","name":"HRF","description":"LO Merv\u00e4rde - f\u00f6rm\u00e5ner och erbjudanden f\u00f6r oss tillsammans","potentialAction":[{"@type":"SearchAction","target":{"@type":"EntryPoint","urlTemplate":"https:\/\/lomervarde.se\/hrf\/?s={search_term_string}"},"query-input":{"@type":"PropertyValueSpecification","valueRequired":true,"valueName":"search_term_string"}}],"inLanguage":"sv-SE"}]}},"publishpress_future_action":{"enabled":false,"date":"2026-04-21 13:19:17","action":"change-status","newStatus":"draft","terms":[],"taxonomy":"","extraData":[]},"publishpress_future_workflow_manual_trigger":{"enabledWorkflows":[]},"_links":{"self":[{"href":"https:\/\/lomervarde.se\/hrf\/wp-json\/wp\/v2\/pages\/1421","targetHints":{"allow":["GET"]}}],"collection":[{"href":"https:\/\/lomervarde.se\/hrf\/wp-json\/wp\/v2\/pages"}],"about":[{"href":"https:\/\/lomervarde.se\/hrf\/wp-json\/wp\/v2\/types\/page"}],"author":[{"embeddable":true,"href":"https:\/\/lomervarde.se\/hrf\/wp-json\/wp\/v2\/users\/1"}],"replies":[{"embeddable":true,"href":"https:\/\/lomervarde.se\/hrf\/wp-json\/wp\/v2\/comments?post=1421"}],"version-history":[{"count":0,"href":"https:\/\/lomervarde.se\/hrf\/wp-json\/wp\/v2\/pages\/1421\/revisions"}],"wp:attachment":[{"href":"https:\/\/lomervarde.se\/hrf\/wp-json\/wp\/v2\/media?parent=1421"}],"curies":[{"name":"wp","href":"https:\/\/api.w.org\/{rel}","templated":true}]}}