{"id":322,"date":"2021-02-10T16:43:56","date_gmt":"2021-02-10T15:43:56","guid":{"rendered":"https:\/\/lomervarde.se\/ifmetall\/erbjudanden\/"},"modified":"2024-03-14T21:15:04","modified_gmt":"2024-03-14T20:15:04","slug":"erbjudanden","status":"publish","type":"page","link":"https:\/\/lomervarde.se\/ifmetall\/erbjudanden\/","title":{"rendered":"Erbjudanden"},"content":{"rendered":"","protected":false},"excerpt":{"rendered":"","protected":false},"author":1,"featured_media":0,"parent":0,"menu_order":0,"comment_status":"closed","ping_status":"closed","template":"page-alla-erbjudanden.php","meta":{"_acf_changed":false,"inline_featured_image":false,"footnotes":""},"class_list":["post-322","page","type-page","status-publish","hentry"],"acf":[],"yoast_head":"<!-- This site is optimized with the Yoast SEO plugin v27.3 - https:\/\/yoast.com\/product\/yoast-seo-wordpress\/ -->\n<title>Erbjudanden - IF Metall<\/title>\n<meta name=\"robots\" content=\"index, follow, max-snippet:-1, max-image-preview:large, max-video-preview:-1\" \/>\n<link rel=\"canonical\" href=\"https:\/\/lomervarde.se\/ifmetall\/erbjudanden\/\" \/>\n<meta property=\"og:locale\" content=\"sv_SE\" \/>\n<meta property=\"og:type\" content=\"article\" \/>\n<meta property=\"og:title\" content=\"Erbjudanden - IF Metall\" \/>\n<meta property=\"og:url\" content=\"https:\/\/lomervarde.se\/ifmetall\/erbjudanden\/\" \/>\n<meta property=\"og:site_name\" content=\"IF Metall\" \/>\n<meta property=\"article:modified_time\" content=\"2024-03-14T20:15:04+00:00\" \/>\n<meta name=\"twitter:card\" content=\"summary_large_image\" \/>\n<script type=\"application\/ld+json\" class=\"yoast-schema-graph\">{\"@context\":\"https:\\\/\\\/schema.org\",\"@graph\":[{\"@type\":\"WebPage\",\"@id\":\"https:\\\/\\\/lomervarde.se\\\/ifmetall\\\/erbjudanden\\\/\",\"url\":\"https:\\\/\\\/lomervarde.se\\\/ifmetall\\\/erbjudanden\\\/\",\"name\":\"Erbjudanden - IF Metall\",\"isPartOf\":{\"@id\":\"https:\\\/\\\/lomervarde.se\\\/ifmetall\\\/#website\"},\"datePublished\":\"2021-02-10T15:43:56+00:00\",\"dateModified\":\"2024-03-14T20:15:04+00:00\",\"inLanguage\":\"sv-SE\",\"potentialAction\":[{\"@type\":\"ReadAction\",\"target\":[\"https:\\\/\\\/lomervarde.se\\\/ifmetall\\\/erbjudanden\\\/\"]}]},{\"@type\":\"WebSite\",\"@id\":\"https:\\\/\\\/lomervarde.se\\\/ifmetall\\\/#website\",\"url\":\"https:\\\/\\\/lomervarde.se\\\/ifmetall\\\/\",\"name\":\"IF Metall\",\"description\":\"LO Merv\u00e4rde - f\u00f6rm\u00e5ner och erbjudanden f\u00f6r oss tillsammans\",\"potentialAction\":[{\"@type\":\"SearchAction\",\"target\":{\"@type\":\"EntryPoint\",\"urlTemplate\":\"https:\\\/\\\/lomervarde.se\\\/ifmetall\\\/?s={search_term_string}\"},\"query-input\":{\"@type\":\"PropertyValueSpecification\",\"valueRequired\":true,\"valueName\":\"search_term_string\"}}],\"inLanguage\":\"sv-SE\"}]}<\/script>\n<!-- \/ Yoast SEO plugin. -->","yoast_head_json":{"title":"Erbjudanden - IF Metall","robots":{"index":"index","follow":"follow","max-snippet":"max-snippet:-1","max-image-preview":"max-image-preview:large","max-video-preview":"max-video-preview:-1"},"canonical":"https:\/\/lomervarde.se\/ifmetall\/erbjudanden\/","og_locale":"sv_SE","og_type":"article","og_title":"Erbjudanden - IF Metall","og_url":"https:\/\/lomervarde.se\/ifmetall\/erbjudanden\/","og_site_name":"IF Metall","article_modified_time":"2024-03-14T20:15:04+00:00","twitter_card":"summary_large_image","schema":{"@context":"https:\/\/schema.org","@graph":[{"@type":"WebPage","@id":"https:\/\/lomervarde.se\/ifmetall\/erbjudanden\/","url":"https:\/\/lomervarde.se\/ifmetall\/erbjudanden\/","name":"Erbjudanden - IF Metall","isPartOf":{"@id":"https:\/\/lomervarde.se\/ifmetall\/#website"},"datePublished":"2021-02-10T15:43:56+00:00","dateModified":"2024-03-14T20:15:04+00:00","inLanguage":"sv-SE","potentialAction":[{"@type":"ReadAction","target":["https:\/\/lomervarde.se\/ifmetall\/erbjudanden\/"]}]},{"@type":"WebSite","@id":"https:\/\/lomervarde.se\/ifmetall\/#website","url":"https:\/\/lomervarde.se\/ifmetall\/","name":"IF Metall","description":"LO Merv\u00e4rde - f\u00f6rm\u00e5ner och erbjudanden f\u00f6r oss tillsammans","potentialAction":[{"@type":"SearchAction","target":{"@type":"EntryPoint","urlTemplate":"https:\/\/lomervarde.se\/ifmetall\/?s={search_term_string}"},"query-input":{"@type":"PropertyValueSpecification","valueRequired":true,"valueName":"search_term_string"}}],"inLanguage":"sv-SE"}]}},"publishpress_future_action":{"enabled":false,"date":"2026-04-15 10:47:08","action":"change-status","newStatus":"draft","terms":[],"taxonomy":"","extraData":[]},"publishpress_future_workflow_manual_trigger":{"enabledWorkflows":[]},"_links":{"self":[{"href":"https:\/\/lomervarde.se\/ifmetall\/wp-json\/wp\/v2\/pages\/322","targetHints":{"allow":["GET"]}}],"collection":[{"href":"https:\/\/lomervarde.se\/ifmetall\/wp-json\/wp\/v2\/pages"}],"about":[{"href":"https:\/\/lomervarde.se\/ifmetall\/wp-json\/wp\/v2\/types\/page"}],"author":[{"embeddable":true,"href":"https:\/\/lomervarde.se\/ifmetall\/wp-json\/wp\/v2\/users\/1"}],"replies":[{"embeddable":true,"href":"https:\/\/lomervarde.se\/ifmetall\/wp-json\/wp\/v2\/comments?post=322"}],"version-history":[{"count":1,"href":"https:\/\/lomervarde.se\/ifmetall\/wp-json\/wp\/v2\/pages\/322\/revisions"}],"predecessor-version":[{"id":1426,"href":"https:\/\/lomervarde.se\/ifmetall\/wp-json\/wp\/v2\/pages\/322\/revisions\/1426"}],"wp:attachment":[{"href":"https:\/\/lomervarde.se\/ifmetall\/wp-json\/wp\/v2\/media?parent=322"}],"curies":[{"name":"wp","href":"https:\/\/api.w.org\/{rel}","templated":true}]}}