{"id":324,"date":"2021-01-15T08:44:29","date_gmt":"2021-01-15T07:44:29","guid":{"rendered":"https:\/\/lomervarde.se\/livs\/mastercard\/"},"modified":"2026-02-20T15:52:08","modified_gmt":"2026-02-20T14:52:08","slug":"mastercard","status":"publish","type":"page","link":"https:\/\/lomervarde.se\/livs\/mastercard\/","title":{"rendered":"Mastercard"},"content":{"rendered":"","protected":false},"excerpt":{"rendered":"","protected":false},"author":1,"featured_media":0,"parent":0,"menu_order":0,"comment_status":"closed","ping_status":"closed","template":"","meta":{"_acf_changed":false,"inline_featured_image":false,"footnotes":""},"class_list":["post-324","page","type-page","status-publish","hentry"],"acf":[],"yoast_head":"<!-- This site is optimized with the Yoast SEO plugin v27.3 - https:\/\/yoast.com\/product\/yoast-seo-wordpress\/ -->\n<title>Mastercard - Livs<\/title>\n<meta name=\"robots\" content=\"index, follow, max-snippet:-1, max-image-preview:large, max-video-preview:-1\" \/>\n<link rel=\"canonical\" href=\"https:\/\/lomervarde.se\/livs\/mastercard\/\" \/>\n<meta property=\"og:locale\" content=\"sv_SE\" \/>\n<meta property=\"og:type\" content=\"article\" \/>\n<meta property=\"og:title\" content=\"Mastercard - Livs\" \/>\n<meta property=\"og:url\" content=\"https:\/\/lomervarde.se\/livs\/mastercard\/\" \/>\n<meta property=\"og:site_name\" content=\"Livs\" \/>\n<meta property=\"article:modified_time\" content=\"2026-02-20T14:52:08+00:00\" \/>\n<meta name=\"twitter:card\" content=\"summary_large_image\" \/>\n<script type=\"application\/ld+json\" class=\"yoast-schema-graph\">{\"@context\":\"https:\\\/\\\/schema.org\",\"@graph\":[{\"@type\":\"WebPage\",\"@id\":\"https:\\\/\\\/lomervarde.se\\\/livs\\\/mastercard\\\/\",\"url\":\"https:\\\/\\\/lomervarde.se\\\/livs\\\/mastercard\\\/\",\"name\":\"Mastercard - Livs\",\"isPartOf\":{\"@id\":\"https:\\\/\\\/lomervarde.se\\\/livs\\\/#website\"},\"datePublished\":\"2021-01-15T07:44:29+00:00\",\"dateModified\":\"2026-02-20T14:52:08+00:00\",\"inLanguage\":\"sv-SE\",\"potentialAction\":[{\"@type\":\"ReadAction\",\"target\":[\"https:\\\/\\\/lomervarde.se\\\/livs\\\/mastercard\\\/\"]}]},{\"@type\":\"WebSite\",\"@id\":\"https:\\\/\\\/lomervarde.se\\\/livs\\\/#website\",\"url\":\"https:\\\/\\\/lomervarde.se\\\/livs\\\/\",\"name\":\"Livs\",\"description\":\"LO Merv\u00e4rde - f\u00f6rm\u00e5ner och erbjudanden f\u00f6r oss tillsammans\",\"potentialAction\":[{\"@type\":\"SearchAction\",\"target\":{\"@type\":\"EntryPoint\",\"urlTemplate\":\"https:\\\/\\\/lomervarde.se\\\/livs\\\/?s={search_term_string}\"},\"query-input\":{\"@type\":\"PropertyValueSpecification\",\"valueRequired\":true,\"valueName\":\"search_term_string\"}}],\"inLanguage\":\"sv-SE\"}]}<\/script>\n<!-- \/ Yoast SEO plugin. -->","yoast_head_json":{"title":"Mastercard - Livs","robots":{"index":"index","follow":"follow","max-snippet":"max-snippet:-1","max-image-preview":"max-image-preview:large","max-video-preview":"max-video-preview:-1"},"canonical":"https:\/\/lomervarde.se\/livs\/mastercard\/","og_locale":"sv_SE","og_type":"article","og_title":"Mastercard - Livs","og_url":"https:\/\/lomervarde.se\/livs\/mastercard\/","og_site_name":"Livs","article_modified_time":"2026-02-20T14:52:08+00:00","twitter_card":"summary_large_image","schema":{"@context":"https:\/\/schema.org","@graph":[{"@type":"WebPage","@id":"https:\/\/lomervarde.se\/livs\/mastercard\/","url":"https:\/\/lomervarde.se\/livs\/mastercard\/","name":"Mastercard - Livs","isPartOf":{"@id":"https:\/\/lomervarde.se\/livs\/#website"},"datePublished":"2021-01-15T07:44:29+00:00","dateModified":"2026-02-20T14:52:08+00:00","inLanguage":"sv-SE","potentialAction":[{"@type":"ReadAction","target":["https:\/\/lomervarde.se\/livs\/mastercard\/"]}]},{"@type":"WebSite","@id":"https:\/\/lomervarde.se\/livs\/#website","url":"https:\/\/lomervarde.se\/livs\/","name":"Livs","description":"LO Merv\u00e4rde - f\u00f6rm\u00e5ner och erbjudanden f\u00f6r oss tillsammans","potentialAction":[{"@type":"SearchAction","target":{"@type":"EntryPoint","urlTemplate":"https:\/\/lomervarde.se\/livs\/?s={search_term_string}"},"query-input":{"@type":"PropertyValueSpecification","valueRequired":true,"valueName":"search_term_string"}}],"inLanguage":"sv-SE"}]}},"publishpress_future_action":{"enabled":false,"date":"2026-04-11 23:52:10","action":"change-status","newStatus":"draft","terms":[],"taxonomy":"","extraData":[]},"publishpress_future_workflow_manual_trigger":{"enabledWorkflows":[]},"_links":{"self":[{"href":"https:\/\/lomervarde.se\/livs\/wp-json\/wp\/v2\/pages\/324","targetHints":{"allow":["GET"]}}],"collection":[{"href":"https:\/\/lomervarde.se\/livs\/wp-json\/wp\/v2\/pages"}],"about":[{"href":"https:\/\/lomervarde.se\/livs\/wp-json\/wp\/v2\/types\/page"}],"author":[{"embeddable":true,"href":"https:\/\/lomervarde.se\/livs\/wp-json\/wp\/v2\/users\/1"}],"replies":[{"embeddable":true,"href":"https:\/\/lomervarde.se\/livs\/wp-json\/wp\/v2\/comments?post=324"}],"version-history":[{"count":1,"href":"https:\/\/lomervarde.se\/livs\/wp-json\/wp\/v2\/pages\/324\/revisions"}],"predecessor-version":[{"id":325,"href":"https:\/\/lomervarde.se\/livs\/wp-json\/wp\/v2\/pages\/324\/revisions\/325"}],"wp:attachment":[{"href":"https:\/\/lomervarde.se\/livs\/wp-json\/wp\/v2\/media?parent=324"}],"curies":[{"name":"wp","href":"https:\/\/api.w.org\/{rel}","templated":true}]}}