{"id":470,"date":"2021-01-19T15:01:33","date_gmt":"2021-01-19T14:01:33","guid":{"rendered":"https:\/\/lomervarde.se\/musikerforbundet\/sok\/"},"modified":"2021-02-25T09:19:48","modified_gmt":"2021-02-25T08:19:48","slug":"sok","status":"publish","type":"page","link":"https:\/\/lomervarde.se\/musikerforbundet\/sok\/","title":{"rendered":"S\u00f6k"},"content":{"rendered":"","protected":false},"excerpt":{"rendered":"","protected":false},"author":1,"featured_media":0,"parent":0,"menu_order":0,"comment_status":"closed","ping_status":"closed","template":"page-search.php","meta":{"_acf_changed":false,"inline_featured_image":false,"footnotes":""},"class_list":["post-470","page","type-page","status-publish","hentry"],"acf":[],"yoast_head":"<!-- This site is optimized with the Yoast SEO plugin v27.3 - https:\/\/yoast.com\/product\/yoast-seo-wordpress\/ -->\n<title>S\u00f6k - Musikerna<\/title>\n<meta name=\"robots\" content=\"index, follow, max-snippet:-1, max-image-preview:large, max-video-preview:-1\" \/>\n<link rel=\"canonical\" href=\"https:\/\/lomervarde.se\/musikerforbundet\/sok\/\" \/>\n<meta property=\"og:locale\" content=\"sv_SE\" \/>\n<meta property=\"og:type\" content=\"article\" \/>\n<meta property=\"og:title\" content=\"S\u00f6k - Musikerna\" \/>\n<meta property=\"og:url\" content=\"https:\/\/lomervarde.se\/musikerforbundet\/sok\/\" \/>\n<meta property=\"og:site_name\" content=\"Musikerna\" \/>\n<meta property=\"article:modified_time\" content=\"2021-02-25T08:19:48+00:00\" \/>\n<meta name=\"twitter:card\" content=\"summary_large_image\" \/>\n<script type=\"application\/ld+json\" class=\"yoast-schema-graph\">{\"@context\":\"https:\\\/\\\/schema.org\",\"@graph\":[{\"@type\":\"WebPage\",\"@id\":\"https:\\\/\\\/lomervarde.se\\\/musikerforbundet\\\/sok\\\/\",\"url\":\"https:\\\/\\\/lomervarde.se\\\/musikerforbundet\\\/sok\\\/\",\"name\":\"S\u00f6k - Musikerna\",\"isPartOf\":{\"@id\":\"https:\\\/\\\/lomervarde.se\\\/musikerforbundet\\\/#website\"},\"datePublished\":\"2021-01-19T14:01:33+00:00\",\"dateModified\":\"2021-02-25T08:19:48+00:00\",\"inLanguage\":\"sv-SE\",\"potentialAction\":[{\"@type\":\"ReadAction\",\"target\":[\"https:\\\/\\\/lomervarde.se\\\/musikerforbundet\\\/sok\\\/\"]}]},{\"@type\":\"WebSite\",\"@id\":\"https:\\\/\\\/lomervarde.se\\\/musikerforbundet\\\/#website\",\"url\":\"https:\\\/\\\/lomervarde.se\\\/musikerforbundet\\\/\",\"name\":\"Musikerna\",\"description\":\"LO Merv\u00e4rde - f\u00f6rm\u00e5ner och erbjudanden f\u00f6r oss tillsammans\",\"potentialAction\":[{\"@type\":\"SearchAction\",\"target\":{\"@type\":\"EntryPoint\",\"urlTemplate\":\"https:\\\/\\\/lomervarde.se\\\/musikerforbundet\\\/?s={search_term_string}\"},\"query-input\":{\"@type\":\"PropertyValueSpecification\",\"valueRequired\":true,\"valueName\":\"search_term_string\"}}],\"inLanguage\":\"sv-SE\"}]}<\/script>\n<!-- \/ Yoast SEO plugin. -->","yoast_head_json":{"title":"S\u00f6k - Musikerna","robots":{"index":"index","follow":"follow","max-snippet":"max-snippet:-1","max-image-preview":"max-image-preview:large","max-video-preview":"max-video-preview:-1"},"canonical":"https:\/\/lomervarde.se\/musikerforbundet\/sok\/","og_locale":"sv_SE","og_type":"article","og_title":"S\u00f6k - Musikerna","og_url":"https:\/\/lomervarde.se\/musikerforbundet\/sok\/","og_site_name":"Musikerna","article_modified_time":"2021-02-25T08:19:48+00:00","twitter_card":"summary_large_image","schema":{"@context":"https:\/\/schema.org","@graph":[{"@type":"WebPage","@id":"https:\/\/lomervarde.se\/musikerforbundet\/sok\/","url":"https:\/\/lomervarde.se\/musikerforbundet\/sok\/","name":"S\u00f6k - Musikerna","isPartOf":{"@id":"https:\/\/lomervarde.se\/musikerforbundet\/#website"},"datePublished":"2021-01-19T14:01:33+00:00","dateModified":"2021-02-25T08:19:48+00:00","inLanguage":"sv-SE","potentialAction":[{"@type":"ReadAction","target":["https:\/\/lomervarde.se\/musikerforbundet\/sok\/"]}]},{"@type":"WebSite","@id":"https:\/\/lomervarde.se\/musikerforbundet\/#website","url":"https:\/\/lomervarde.se\/musikerforbundet\/","name":"Musikerna","description":"LO Merv\u00e4rde - f\u00f6rm\u00e5ner och erbjudanden f\u00f6r oss tillsammans","potentialAction":[{"@type":"SearchAction","target":{"@type":"EntryPoint","urlTemplate":"https:\/\/lomervarde.se\/musikerforbundet\/?s={search_term_string}"},"query-input":{"@type":"PropertyValueSpecification","valueRequired":true,"valueName":"search_term_string"}}],"inLanguage":"sv-SE"}]}},"publishpress_future_action":{"enabled":false,"date":"2026-04-14 23:00:40","action":"change-status","newStatus":"draft","terms":[],"taxonomy":"","extraData":[]},"publishpress_future_workflow_manual_trigger":{"enabledWorkflows":[]},"_links":{"self":[{"href":"https:\/\/lomervarde.se\/musikerforbundet\/wp-json\/wp\/v2\/pages\/470","targetHints":{"allow":["GET"]}}],"collection":[{"href":"https:\/\/lomervarde.se\/musikerforbundet\/wp-json\/wp\/v2\/pages"}],"about":[{"href":"https:\/\/lomervarde.se\/musikerforbundet\/wp-json\/wp\/v2\/types\/page"}],"author":[{"embeddable":true,"href":"https:\/\/lomervarde.se\/musikerforbundet\/wp-json\/wp\/v2\/users\/1"}],"replies":[{"embeddable":true,"href":"https:\/\/lomervarde.se\/musikerforbundet\/wp-json\/wp\/v2\/comments?post=470"}],"version-history":[{"count":0,"href":"https:\/\/lomervarde.se\/musikerforbundet\/wp-json\/wp\/v2\/pages\/470\/revisions"}],"wp:attachment":[{"href":"https:\/\/lomervarde.se\/musikerforbundet\/wp-json\/wp\/v2\/media?parent=470"}],"curies":[{"name":"wp","href":"https:\/\/api.w.org\/{rel}","templated":true}]}}