{"id":146,"date":"2021-01-14T16:23:39","date_gmt":"2021-01-14T14:23:39","guid":{"rendered":"https:\/\/lomervarde.se\/pappers\/start-2\/"},"modified":"2026-02-16T10:59:30","modified_gmt":"2026-02-16T09:59:30","slug":"start","status":"publish","type":"page","link":"https:\/\/lomervarde.se\/pappers\/","title":{"rendered":"Start"},"content":{"rendered":"","protected":false},"excerpt":{"rendered":"","protected":false},"author":1,"featured_media":0,"parent":0,"menu_order":0,"comment_status":"closed","ping_status":"closed","template":"","meta":{"_acf_changed":false,"inline_featured_image":false,"footnotes":""},"class_list":["post-146","page","type-page","status-publish","hentry"],"acf":[],"yoast_head":"<!-- This site is optimized with the Yoast SEO plugin v27.3 - https:\/\/yoast.com\/product\/yoast-seo-wordpress\/ -->\n<title>LO Merv\u00e4rde - Rabatter och erbjudanden f\u00f6r oss tillsammans<\/title>\n<meta name=\"description\" content=\"LO Merv\u00e4rde \u00e4r ett samarbete mellan 13 LO-f\u00f6rbund, cirka 1,4 miljoner medlemmar, d\u00e4r vi gemensamt f\u00f6rhandlar fram rabatter, f\u00f6rm\u00e5ner och erbjudanden.\" \/>\n<meta name=\"robots\" content=\"index, follow, max-snippet:-1, max-image-preview:large, max-video-preview:-1\" \/>\n<link rel=\"canonical\" href=\"https:\/\/lomervarde.se\/pappers\/\" \/>\n<meta property=\"og:locale\" content=\"sv_SE\" \/>\n<meta property=\"og:type\" content=\"article\" \/>\n<meta property=\"og:title\" content=\"LO Merv\u00e4rde - Rabatter och erbjudanden f\u00f6r oss tillsammans\" \/>\n<meta property=\"og:description\" content=\"LO Merv\u00e4rde \u00e4r ett samarbete mellan 13 LO-f\u00f6rbund, cirka 1,4 miljoner medlemmar, d\u00e4r vi gemensamt f\u00f6rhandlar fram rabatter, f\u00f6rm\u00e5ner och erbjudanden.\" \/>\n<meta property=\"og:url\" content=\"https:\/\/lomervarde.se\/pappers\/\" \/>\n<meta property=\"og:site_name\" content=\"Pappers\" \/>\n<meta property=\"article:modified_time\" content=\"2026-02-16T09:59:30+00:00\" \/>\n<meta name=\"twitter:card\" content=\"summary_large_image\" \/>\n<script type=\"application\/ld+json\" class=\"yoast-schema-graph\">{\"@context\":\"https:\\\/\\\/schema.org\",\"@graph\":[{\"@type\":\"WebPage\",\"@id\":\"https:\\\/\\\/lomervarde.se\\\/pappers\\\/\",\"url\":\"https:\\\/\\\/lomervarde.se\\\/pappers\\\/\",\"name\":\"LO Merv\u00e4rde - Rabatter och erbjudanden f\u00f6r oss tillsammans\",\"isPartOf\":{\"@id\":\"https:\\\/\\\/lomervarde.se\\\/pappers\\\/#website\"},\"datePublished\":\"2021-01-14T14:23:39+00:00\",\"dateModified\":\"2026-02-16T09:59:30+00:00\",\"description\":\"LO Merv\u00e4rde \u00e4r ett samarbete mellan 13 LO-f\u00f6rbund, cirka 1,4 miljoner medlemmar, d\u00e4r vi gemensamt f\u00f6rhandlar fram rabatter, f\u00f6rm\u00e5ner och erbjudanden.\",\"inLanguage\":\"sv-SE\",\"potentialAction\":[{\"@type\":\"ReadAction\",\"target\":[\"https:\\\/\\\/lomervarde.se\\\/pappers\\\/\"]}]},{\"@type\":\"WebSite\",\"@id\":\"https:\\\/\\\/lomervarde.se\\\/pappers\\\/#website\",\"url\":\"https:\\\/\\\/lomervarde.se\\\/pappers\\\/\",\"name\":\"Pappers\",\"description\":\"LO Merv\u00e4rde - f\u00f6rm\u00e5ner och erbjudanden f\u00f6r oss tillsammans\",\"potentialAction\":[{\"@type\":\"SearchAction\",\"target\":{\"@type\":\"EntryPoint\",\"urlTemplate\":\"https:\\\/\\\/lomervarde.se\\\/pappers\\\/?s={search_term_string}\"},\"query-input\":{\"@type\":\"PropertyValueSpecification\",\"valueRequired\":true,\"valueName\":\"search_term_string\"}}],\"inLanguage\":\"sv-SE\"}]}<\/script>\n<!-- \/ Yoast SEO plugin. -->","yoast_head_json":{"title":"LO Merv\u00e4rde - Rabatter och erbjudanden f\u00f6r oss tillsammans","description":"LO Merv\u00e4rde \u00e4r ett samarbete mellan 13 LO-f\u00f6rbund, cirka 1,4 miljoner medlemmar, d\u00e4r vi gemensamt f\u00f6rhandlar fram rabatter, f\u00f6rm\u00e5ner och erbjudanden.","robots":{"index":"index","follow":"follow","max-snippet":"max-snippet:-1","max-image-preview":"max-image-preview:large","max-video-preview":"max-video-preview:-1"},"canonical":"https:\/\/lomervarde.se\/pappers\/","og_locale":"sv_SE","og_type":"article","og_title":"LO Merv\u00e4rde - Rabatter och erbjudanden f\u00f6r oss tillsammans","og_description":"LO Merv\u00e4rde \u00e4r ett samarbete mellan 13 LO-f\u00f6rbund, cirka 1,4 miljoner medlemmar, d\u00e4r vi gemensamt f\u00f6rhandlar fram rabatter, f\u00f6rm\u00e5ner och erbjudanden.","og_url":"https:\/\/lomervarde.se\/pappers\/","og_site_name":"Pappers","article_modified_time":"2026-02-16T09:59:30+00:00","twitter_card":"summary_large_image","schema":{"@context":"https:\/\/schema.org","@graph":[{"@type":"WebPage","@id":"https:\/\/lomervarde.se\/pappers\/","url":"https:\/\/lomervarde.se\/pappers\/","name":"LO Merv\u00e4rde - Rabatter och erbjudanden f\u00f6r oss tillsammans","isPartOf":{"@id":"https:\/\/lomervarde.se\/pappers\/#website"},"datePublished":"2021-01-14T14:23:39+00:00","dateModified":"2026-02-16T09:59:30+00:00","description":"LO Merv\u00e4rde \u00e4r ett samarbete mellan 13 LO-f\u00f6rbund, cirka 1,4 miljoner medlemmar, d\u00e4r vi gemensamt f\u00f6rhandlar fram rabatter, f\u00f6rm\u00e5ner och erbjudanden.","inLanguage":"sv-SE","potentialAction":[{"@type":"ReadAction","target":["https:\/\/lomervarde.se\/pappers\/"]}]},{"@type":"WebSite","@id":"https:\/\/lomervarde.se\/pappers\/#website","url":"https:\/\/lomervarde.se\/pappers\/","name":"Pappers","description":"LO Merv\u00e4rde - f\u00f6rm\u00e5ner och erbjudanden f\u00f6r oss tillsammans","potentialAction":[{"@type":"SearchAction","target":{"@type":"EntryPoint","urlTemplate":"https:\/\/lomervarde.se\/pappers\/?s={search_term_string}"},"query-input":{"@type":"PropertyValueSpecification","valueRequired":true,"valueName":"search_term_string"}}],"inLanguage":"sv-SE"}]}},"publishpress_future_action":{"enabled":false,"date":"2026-04-19 14:50:00","action":"change-status","newStatus":"draft","terms":[],"taxonomy":"","extraData":[]},"publishpress_future_workflow_manual_trigger":{"enabledWorkflows":[]},"_links":{"self":[{"href":"https:\/\/lomervarde.se\/pappers\/wp-json\/wp\/v2\/pages\/146","targetHints":{"allow":["GET"]}}],"collection":[{"href":"https:\/\/lomervarde.se\/pappers\/wp-json\/wp\/v2\/pages"}],"about":[{"href":"https:\/\/lomervarde.se\/pappers\/wp-json\/wp\/v2\/types\/page"}],"author":[{"embeddable":true,"href":"https:\/\/lomervarde.se\/pappers\/wp-json\/wp\/v2\/users\/1"}],"replies":[{"embeddable":true,"href":"https:\/\/lomervarde.se\/pappers\/wp-json\/wp\/v2\/comments?post=146"}],"version-history":[{"count":1,"href":"https:\/\/lomervarde.se\/pappers\/wp-json\/wp\/v2\/pages\/146\/revisions"}],"predecessor-version":[{"id":157,"href":"https:\/\/lomervarde.se\/pappers\/wp-json\/wp\/v2\/pages\/146\/revisions\/157"}],"wp:attachment":[{"href":"https:\/\/lomervarde.se\/pappers\/wp-json\/wp\/v2\/media?parent=146"}],"curies":[{"name":"wp","href":"https:\/\/api.w.org\/{rel}","templated":true}]}}