{"id":150,"date":"2021-02-23T10:24:44","date_gmt":"2021-02-23T09:24:44","guid":{"rendered":"https:\/\/lomervarde.se\/pappers\/?page_id=150"},"modified":"2021-09-03T14:32:11","modified_gmt":"2021-09-03T12:32:11","slug":"papperskortet","status":"publish","type":"page","link":"https:\/\/lomervarde.se\/pappers\/papperskortet\/","title":{"rendered":"Papperskortet"},"content":{"rendered":"","protected":false},"excerpt":{"rendered":"","protected":false},"author":1,"featured_media":0,"parent":0,"menu_order":0,"comment_status":"closed","ping_status":"closed","template":"","meta":{"_acf_changed":false,"inline_featured_image":false,"footnotes":""},"class_list":["post-150","page","type-page","status-publish","hentry"],"acf":[],"yoast_head":"<!-- This site is optimized with the Yoast SEO plugin v27.3 - https:\/\/yoast.com\/product\/yoast-seo-wordpress\/ -->\n<title>Papperskortet - Pappers<\/title>\n<meta name=\"robots\" content=\"index, follow, max-snippet:-1, max-image-preview:large, max-video-preview:-1\" \/>\n<link rel=\"canonical\" href=\"https:\/\/lomervarde.se\/pappers\/papperskortet\/\" \/>\n<meta property=\"og:locale\" content=\"sv_SE\" \/>\n<meta property=\"og:type\" content=\"article\" \/>\n<meta property=\"og:title\" content=\"Papperskortet - Pappers\" \/>\n<meta property=\"og:url\" content=\"https:\/\/lomervarde.se\/pappers\/papperskortet\/\" \/>\n<meta property=\"og:site_name\" content=\"Pappers\" \/>\n<meta property=\"article:modified_time\" content=\"2021-09-03T12:32:11+00:00\" \/>\n<meta name=\"twitter:card\" content=\"summary_large_image\" \/>\n<script type=\"application\/ld+json\" class=\"yoast-schema-graph\">{\"@context\":\"https:\\\/\\\/schema.org\",\"@graph\":[{\"@type\":\"WebPage\",\"@id\":\"https:\\\/\\\/lomervarde.se\\\/pappers\\\/papperskortet\\\/\",\"url\":\"https:\\\/\\\/lomervarde.se\\\/pappers\\\/papperskortet\\\/\",\"name\":\"Papperskortet - Pappers\",\"isPartOf\":{\"@id\":\"https:\\\/\\\/lomervarde.se\\\/pappers\\\/#website\"},\"datePublished\":\"2021-02-23T09:24:44+00:00\",\"dateModified\":\"2021-09-03T12:32:11+00:00\",\"inLanguage\":\"sv-SE\",\"potentialAction\":[{\"@type\":\"ReadAction\",\"target\":[\"https:\\\/\\\/lomervarde.se\\\/pappers\\\/papperskortet\\\/\"]}]},{\"@type\":\"WebSite\",\"@id\":\"https:\\\/\\\/lomervarde.se\\\/pappers\\\/#website\",\"url\":\"https:\\\/\\\/lomervarde.se\\\/pappers\\\/\",\"name\":\"Pappers\",\"description\":\"LO Merv\u00e4rde - f\u00f6rm\u00e5ner och erbjudanden f\u00f6r oss tillsammans\",\"potentialAction\":[{\"@type\":\"SearchAction\",\"target\":{\"@type\":\"EntryPoint\",\"urlTemplate\":\"https:\\\/\\\/lomervarde.se\\\/pappers\\\/?s={search_term_string}\"},\"query-input\":{\"@type\":\"PropertyValueSpecification\",\"valueRequired\":true,\"valueName\":\"search_term_string\"}}],\"inLanguage\":\"sv-SE\"}]}<\/script>\n<!-- \/ Yoast SEO plugin. -->","yoast_head_json":{"title":"Papperskortet - Pappers","robots":{"index":"index","follow":"follow","max-snippet":"max-snippet:-1","max-image-preview":"max-image-preview:large","max-video-preview":"max-video-preview:-1"},"canonical":"https:\/\/lomervarde.se\/pappers\/papperskortet\/","og_locale":"sv_SE","og_type":"article","og_title":"Papperskortet - Pappers","og_url":"https:\/\/lomervarde.se\/pappers\/papperskortet\/","og_site_name":"Pappers","article_modified_time":"2021-09-03T12:32:11+00:00","twitter_card":"summary_large_image","schema":{"@context":"https:\/\/schema.org","@graph":[{"@type":"WebPage","@id":"https:\/\/lomervarde.se\/pappers\/papperskortet\/","url":"https:\/\/lomervarde.se\/pappers\/papperskortet\/","name":"Papperskortet - Pappers","isPartOf":{"@id":"https:\/\/lomervarde.se\/pappers\/#website"},"datePublished":"2021-02-23T09:24:44+00:00","dateModified":"2021-09-03T12:32:11+00:00","inLanguage":"sv-SE","potentialAction":[{"@type":"ReadAction","target":["https:\/\/lomervarde.se\/pappers\/papperskortet\/"]}]},{"@type":"WebSite","@id":"https:\/\/lomervarde.se\/pappers\/#website","url":"https:\/\/lomervarde.se\/pappers\/","name":"Pappers","description":"LO Merv\u00e4rde - f\u00f6rm\u00e5ner och erbjudanden f\u00f6r oss tillsammans","potentialAction":[{"@type":"SearchAction","target":{"@type":"EntryPoint","urlTemplate":"https:\/\/lomervarde.se\/pappers\/?s={search_term_string}"},"query-input":{"@type":"PropertyValueSpecification","valueRequired":true,"valueName":"search_term_string"}}],"inLanguage":"sv-SE"}]}},"publishpress_future_action":{"enabled":false,"date":"2026-04-19 16:18:51","action":"change-status","newStatus":"draft","terms":[],"taxonomy":"","extraData":[]},"publishpress_future_workflow_manual_trigger":{"enabledWorkflows":[]},"_links":{"self":[{"href":"https:\/\/lomervarde.se\/pappers\/wp-json\/wp\/v2\/pages\/150","targetHints":{"allow":["GET"]}}],"collection":[{"href":"https:\/\/lomervarde.se\/pappers\/wp-json\/wp\/v2\/pages"}],"about":[{"href":"https:\/\/lomervarde.se\/pappers\/wp-json\/wp\/v2\/types\/page"}],"author":[{"embeddable":true,"href":"https:\/\/lomervarde.se\/pappers\/wp-json\/wp\/v2\/users\/1"}],"replies":[{"embeddable":true,"href":"https:\/\/lomervarde.se\/pappers\/wp-json\/wp\/v2\/comments?post=150"}],"version-history":[{"count":2,"href":"https:\/\/lomervarde.se\/pappers\/wp-json\/wp\/v2\/pages\/150\/revisions"}],"predecessor-version":[{"id":653,"href":"https:\/\/lomervarde.se\/pappers\/wp-json\/wp\/v2\/pages\/150\/revisions\/653"}],"wp:attachment":[{"href":"https:\/\/lomervarde.se\/pappers\/wp-json\/wp\/v2\/media?parent=150"}],"curies":[{"name":"wp","href":"https:\/\/api.w.org\/{rel}","templated":true}]}}