{"id":693,"date":"2021-11-04T14:02:49","date_gmt":"2021-11-04T12:02:49","guid":{"rendered":"https:\/\/lomervarde.se\/seko\/extrakort-ger-full-koll-pa-utgifterna\/"},"modified":"2023-06-02T15:26:46","modified_gmt":"2023-06-02T13:26:46","slug":"extrakort-ger-full-koll-pa-utgifterna","status":"publish","type":"page","link":"https:\/\/lomervarde.se\/seko\/extrakort-ger-full-koll-pa-utgifterna\/","title":{"rendered":"Extrakort ger full koll p\u00e5 utgifterna"},"content":{"rendered":"","protected":false},"excerpt":{"rendered":"","protected":false},"author":1,"featured_media":0,"parent":0,"menu_order":0,"comment_status":"closed","ping_status":"closed","template":"","meta":{"_acf_changed":false,"inline_featured_image":false,"footnotes":""},"class_list":["post-693","page","type-page","status-publish","hentry"],"acf":[],"yoast_head":"<!-- This site is optimized with the Yoast SEO plugin v27.3 - https:\/\/yoast.com\/product\/yoast-seo-wordpress\/ -->\n<title>Extrakort ger full koll p\u00e5 utgifterna - Seko<\/title>\n<meta name=\"robots\" content=\"index, follow, max-snippet:-1, max-image-preview:large, max-video-preview:-1\" \/>\n<link rel=\"canonical\" href=\"https:\/\/lomervarde.se\/seko\/extrakort-ger-full-koll-pa-utgifterna\/\" \/>\n<meta property=\"og:locale\" content=\"sv_SE\" \/>\n<meta property=\"og:type\" content=\"article\" \/>\n<meta property=\"og:title\" content=\"Extrakort ger full koll p\u00e5 utgifterna - Seko\" \/>\n<meta property=\"og:url\" content=\"https:\/\/lomervarde.se\/seko\/extrakort-ger-full-koll-pa-utgifterna\/\" \/>\n<meta property=\"og:site_name\" content=\"Seko\" \/>\n<meta property=\"article:modified_time\" content=\"2023-06-02T13:26:46+00:00\" \/>\n<meta name=\"twitter:card\" content=\"summary_large_image\" \/>\n<script type=\"application\/ld+json\" class=\"yoast-schema-graph\">{\"@context\":\"https:\\\/\\\/schema.org\",\"@graph\":[{\"@type\":\"WebPage\",\"@id\":\"https:\\\/\\\/lomervarde.se\\\/seko\\\/extrakort-ger-full-koll-pa-utgifterna\\\/\",\"url\":\"https:\\\/\\\/lomervarde.se\\\/seko\\\/extrakort-ger-full-koll-pa-utgifterna\\\/\",\"name\":\"Extrakort ger full koll p\u00e5 utgifterna - Seko\",\"isPartOf\":{\"@id\":\"https:\\\/\\\/lomervarde.se\\\/seko\\\/#website\"},\"datePublished\":\"2021-11-04T12:02:49+00:00\",\"dateModified\":\"2023-06-02T13:26:46+00:00\",\"inLanguage\":\"sv-SE\",\"potentialAction\":[{\"@type\":\"ReadAction\",\"target\":[\"https:\\\/\\\/lomervarde.se\\\/seko\\\/extrakort-ger-full-koll-pa-utgifterna\\\/\"]}]},{\"@type\":\"WebSite\",\"@id\":\"https:\\\/\\\/lomervarde.se\\\/seko\\\/#website\",\"url\":\"https:\\\/\\\/lomervarde.se\\\/seko\\\/\",\"name\":\"Seko\",\"description\":\"LO Merv\u00e4rde - f\u00f6rm\u00e5ner och erbjudanden f\u00f6r oss tillsammans\",\"potentialAction\":[{\"@type\":\"SearchAction\",\"target\":{\"@type\":\"EntryPoint\",\"urlTemplate\":\"https:\\\/\\\/lomervarde.se\\\/seko\\\/?s={search_term_string}\"},\"query-input\":{\"@type\":\"PropertyValueSpecification\",\"valueRequired\":true,\"valueName\":\"search_term_string\"}}],\"inLanguage\":\"sv-SE\"}]}<\/script>\n<!-- \/ Yoast SEO plugin. -->","yoast_head_json":{"title":"Extrakort ger full koll p\u00e5 utgifterna - Seko","robots":{"index":"index","follow":"follow","max-snippet":"max-snippet:-1","max-image-preview":"max-image-preview:large","max-video-preview":"max-video-preview:-1"},"canonical":"https:\/\/lomervarde.se\/seko\/extrakort-ger-full-koll-pa-utgifterna\/","og_locale":"sv_SE","og_type":"article","og_title":"Extrakort ger full koll p\u00e5 utgifterna - Seko","og_url":"https:\/\/lomervarde.se\/seko\/extrakort-ger-full-koll-pa-utgifterna\/","og_site_name":"Seko","article_modified_time":"2023-06-02T13:26:46+00:00","twitter_card":"summary_large_image","schema":{"@context":"https:\/\/schema.org","@graph":[{"@type":"WebPage","@id":"https:\/\/lomervarde.se\/seko\/extrakort-ger-full-koll-pa-utgifterna\/","url":"https:\/\/lomervarde.se\/seko\/extrakort-ger-full-koll-pa-utgifterna\/","name":"Extrakort ger full koll p\u00e5 utgifterna - Seko","isPartOf":{"@id":"https:\/\/lomervarde.se\/seko\/#website"},"datePublished":"2021-11-04T12:02:49+00:00","dateModified":"2023-06-02T13:26:46+00:00","inLanguage":"sv-SE","potentialAction":[{"@type":"ReadAction","target":["https:\/\/lomervarde.se\/seko\/extrakort-ger-full-koll-pa-utgifterna\/"]}]},{"@type":"WebSite","@id":"https:\/\/lomervarde.se\/seko\/#website","url":"https:\/\/lomervarde.se\/seko\/","name":"Seko","description":"LO Merv\u00e4rde - f\u00f6rm\u00e5ner och erbjudanden f\u00f6r oss tillsammans","potentialAction":[{"@type":"SearchAction","target":{"@type":"EntryPoint","urlTemplate":"https:\/\/lomervarde.se\/seko\/?s={search_term_string}"},"query-input":{"@type":"PropertyValueSpecification","valueRequired":true,"valueName":"search_term_string"}}],"inLanguage":"sv-SE"}]}},"publishpress_future_action":{"enabled":false,"date":"2026-04-15 06:45:07","action":"change-status","newStatus":"draft","terms":[],"taxonomy":"","extraData":[]},"publishpress_future_workflow_manual_trigger":{"enabledWorkflows":[]},"_links":{"self":[{"href":"https:\/\/lomervarde.se\/seko\/wp-json\/wp\/v2\/pages\/693","targetHints":{"allow":["GET"]}}],"collection":[{"href":"https:\/\/lomervarde.se\/seko\/wp-json\/wp\/v2\/pages"}],"about":[{"href":"https:\/\/lomervarde.se\/seko\/wp-json\/wp\/v2\/types\/page"}],"author":[{"embeddable":true,"href":"https:\/\/lomervarde.se\/seko\/wp-json\/wp\/v2\/users\/1"}],"replies":[{"embeddable":true,"href":"https:\/\/lomervarde.se\/seko\/wp-json\/wp\/v2\/comments?post=693"}],"version-history":[{"count":1,"href":"https:\/\/lomervarde.se\/seko\/wp-json\/wp\/v2\/pages\/693\/revisions"}],"predecessor-version":[{"id":1126,"href":"https:\/\/lomervarde.se\/seko\/wp-json\/wp\/v2\/pages\/693\/revisions\/1126"}],"wp:attachment":[{"href":"https:\/\/lomervarde.se\/seko\/wp-json\/wp\/v2\/media?parent=693"}],"curies":[{"name":"wp","href":"https:\/\/api.w.org\/{rel}","templated":true}]}}